{"id":48,"date":"2016-10-05T20:07:01","date_gmt":"2016-10-05T20:07:01","guid":{"rendered":"http:\/\/enlightenedionia.siu.edu\/?page_id=48"},"modified":"2016-12-07T16:30:36","modified_gmt":"2016-12-07T22:30:36","slug":"program","status":"publish","type":"page","link":"https:\/\/enlightenedionia.siu.edu\/?page_id=48","title":{"rendered":"Conference Program"},"content":{"rendered":"<p style=\"text-align: center;\"><strong>EX IONIA SCIENTIA &#8211; KNOWLEDGE IN ARCHAIC GREECE<\/strong><br \/>\n<strong>INTERNATIONAL CONFERENCE<\/strong><br \/>\n<strong>NATIONAL AND KAPODISTRIAN UNIVERSITY OF ATHENS<\/strong><br \/>\n<strong>DEC 11-14, 2016<\/strong><\/p>\n<p style=\"text-align: center;\">PROGRAM<\/p>\n<p style=\"text-align: center;\"><strong>SUNDAY 11 DECEMBER<\/strong><\/p>\n<p class=\"wp-image-116 size-full\" style=\"text-align: center;\">The opening session will be held 11 December at:<br \/>\n<strong>Theocharakis Foundation, 9 Vasilissis Sofias &amp; Merlin Street, 10671 Athens<\/strong><\/p>\n<figure id=\"attachment_72\" aria-describedby=\"caption-attachment-72\" style=\"width: 300px\" class=\"wp-caption alignright\"><img data-recalc-dims=\"1\" loading=\"lazy\" decoding=\"async\" data-attachment-id=\"72\" data-permalink=\"https:\/\/enlightenedionia.siu.edu\/?attachment_id=72\" data-orig-file=\"https:\/\/i0.wp.com\/enlightenedionia.siu.edu\/wp-content\/uploads\/2016\/10\/anaximander-relief.jpg?fit=428%2C414&amp;ssl=1\" data-orig-size=\"428,414\" data-comments-opened=\"1\" data-image-meta=\"{&quot;aperture&quot;:&quot;0&quot;,&quot;credit&quot;:&quot;&quot;,&quot;camera&quot;:&quot;&quot;,&quot;caption&quot;:&quot;&quot;,&quot;created_timestamp&quot;:&quot;0&quot;,&quot;copyright&quot;:&quot;&quot;,&quot;focal_length&quot;:&quot;0&quot;,&quot;iso&quot;:&quot;0&quot;,&quot;shutter_speed&quot;:&quot;0&quot;,&quot;title&quot;:&quot;&quot;,&quot;orientation&quot;:&quot;0&quot;}\" data-image-title=\"anaximander-relief\" data-image-description=\"\" data-image-caption=\"&lt;p&gt;Relief with seated Anaximander from Rome, Via delle Sette Sale, 2nd century BC. Rome, Terme Museum Inv. 506 (photo Richter\/Smith 1984, 97 fig. 50)&lt;\/p&gt;\n\" data-large-file=\"https:\/\/i0.wp.com\/enlightenedionia.siu.edu\/wp-content\/uploads\/2016\/10\/anaximander-relief.jpg?fit=428%2C414&amp;ssl=1\" class=\"size-medium wp-image-72\" src=\"https:\/\/i0.wp.com\/enlightenedionia.siu.edu\/wp-content\/uploads\/2016\/10\/anaximander-relief-300x290.jpg?resize=300%2C290\" alt=\"Relief with seated Anaximander from Rome, Via delle Sette Sale, 2nd century BC. Rome, Terme Museum Inv. 506 (photo Richter\/Smith 1984, 97 fig. 50)\" width=\"300\" height=\"290\" srcset=\"https:\/\/i0.wp.com\/enlightenedionia.siu.edu\/wp-content\/uploads\/2016\/10\/anaximander-relief.jpg?resize=300%2C290&amp;ssl=1 300w, https:\/\/i0.wp.com\/enlightenedionia.siu.edu\/wp-content\/uploads\/2016\/10\/anaximander-relief.jpg?w=428&amp;ssl=1 428w\" sizes=\"auto, (max-width: 300px) 85vw, 300px\" \/><figcaption id=\"caption-attachment-72\" class=\"wp-caption-text\">Relief with seated Anaximander from Rome, Via delle Sette Sale, 2nd century BC. Rome, Terme Museum Inv. 506 (photo Richter\/Smith 1984, 97 fig. 50)<\/figcaption><\/figure>\n<p>16:00-16:45<br \/>\n<strong>Welcome Adresses\/Introductory Remarks<\/strong><br \/>\nChair: Panagiotis PANTAZAKOS<\/p>\n<ol>\n<li>Meletios A. DIMOPOULOS (Rector of National and Kapodistrian University of Athens)<\/li>\n<li>Theodosios PELEGRINIS (Former Rector of National and Kapodistrian University of Athens)<\/li>\n<li>Marisa FOUNTOPOULOU (NKU, Head of the Department of Philosophy, Pedagogy and Psychology)<\/li>\n<li>Elsi BACONICOLA-YIAMA (NKU, Director of the Section of Philosophy)<\/li>\n<li>Sotiris FOURNAROS (NKU, Athens)<\/li>\n<li>Alexander HERDA (Humboldt University Berlin)<\/li>\n<li>Robert HAHN (Southern Illinois University, Carbondale)<\/li>\n<\/ol>\n<p>16:45-18:15<br \/>\n<strong>KEYNOTES<\/strong><\/p>\n<p>16:45-17:30<br \/>\n1) Andrew GREGORY (University College London)<br \/>\n<a href=\"http:\/\/enlightenedionia.siu.edu\/?page_id=94#gregory\"><em>Anaximander, Cosmology and the Poets<\/em><\/a><\/p>\n<p>17:30-18:15<br \/>\n2) Alexander MOURELATOS (The University of Texas at Austin)<br \/>\n<a href=\"http:\/\/enlightenedionia.siu.edu\/?page_id=94#mourelatos\"><em>Xenophanes of Colophon and Heraclitus of Ephesos: the Two Earliest Foes of Anthropomorphism in Cosmological Thinking<\/em><\/a><\/p>\n<p>18:15-20:00<br \/>\nReception<\/p>\n<hr \/>\n<p style=\"text-align: center;\"><strong>MONDAY 12 DECEMBER<\/strong><\/p>\n<figure id=\"attachment_116\" aria-describedby=\"caption-attachment-116\" style=\"width: 259px\" class=\"wp-caption aligncenter\"><img data-recalc-dims=\"1\" loading=\"lazy\" decoding=\"async\" data-attachment-id=\"116\" data-permalink=\"https:\/\/enlightenedionia.siu.edu\/?attachment_id=116\" data-orig-file=\"https:\/\/i0.wp.com\/enlightenedionia.siu.edu\/wp-content\/uploads\/2016\/10\/exioniascienta1.jpg?fit=249%2C132&amp;ssl=1\" data-orig-size=\"249,132\" data-comments-opened=\"1\" data-image-meta=\"{&quot;aperture&quot;:&quot;0&quot;,&quot;credit&quot;:&quot;&quot;,&quot;camera&quot;:&quot;&quot;,&quot;caption&quot;:&quot;&quot;,&quot;created_timestamp&quot;:&quot;0&quot;,&quot;copyright&quot;:&quot;&quot;,&quot;focal_length&quot;:&quot;0&quot;,&quot;iso&quot;:&quot;0&quot;,&quot;shutter_speed&quot;:&quot;0&quot;,&quot;title&quot;:&quot;&quot;,&quot;orientation&quot;:&quot;0&quot;}\" data-image-title=\"exioniascienta1\" data-image-description=\"\" data-image-caption=\"\" data-large-file=\"https:\/\/i0.wp.com\/enlightenedionia.siu.edu\/wp-content\/uploads\/2016\/10\/exioniascienta1.jpg?fit=249%2C132&amp;ssl=1\" class=\"wp-image-116\" src=\"https:\/\/i0.wp.com\/enlightenedionia.siu.edu\/wp-content\/uploads\/2016\/10\/exioniascienta1.jpg?resize=259%2C137\" width=\"259\" height=\"137\" \/><figcaption id=\"caption-attachment-116\" class=\"wp-caption-text\">&#8220;Alkis Argyriadis&#8221; auditorium in university main building, Panepistimiou 30<\/figcaption><\/figure>\n<p style=\"text-align: center;\"><em>all 3 days: &#8220;Alkis Argyriadis&#8221; auditorium in university main building, Panepistimiou 30<\/em><\/p>\n<p>9:00-10:30<br \/>\n<strong>SESSION A: Knowledge of Nature: Cosmology and Astronomy<\/strong><br \/>\nchair: Andrew GREGORY<\/p>\n<p>9:00-9:30<br \/>\n3) Xenophon MOUSSAS (NKU, Athens, Emeritus)<br \/>\n<a href=\"http:\/\/enlightenedionia.siu.edu\/?page_id=94#moussas\"><em>The Antikythera Mechanism, an Epitome of Pythagorean Philosophy<\/em><\/a><\/p>\n<p>9:30-10:00<br \/>\n4) Dirk COUPRIE (University of West Bohemia, Pilsen)<br \/>\n<a href=\"http:\/\/enlightenedionia.siu.edu\/?page_id=94#couprie\"><em>Archetypal Images in Anaximander\u2019s Phenomenological Cosmology<\/em><\/a><\/p>\n<p>10:00-10:30<br \/>\n5) Konstantinos KALACHANIS (NKU, Athens)<br \/>\n<a href=\"http:\/\/enlightenedionia.siu.edu\/?page_id=94#kalachanis\"><em>The Contribution of Anaxagoras in Astronomy and Astrophysics<\/em><\/a><\/p>\n<p>10:30-11:00 &#8211; Coffee break<\/p>\n<p>11:00-13:00<br \/>\n<strong>SESSION B: Practical Wisdom and Applied Geometry: Astronomy, Geometry, Urbanism, and Building Temples<\/strong><br \/>\nchair: Theodosios TASSIOS<\/p>\n<p>11:00-11:30<br \/>\n6) Andrej LEBEDEV (University of Crete, Rethymno)<br \/>\n<a href=\"http:\/\/enlightenedionia.siu.edu\/?page_id=94#lebedev\"><em>Placing the Ionian \u03a0\u0395\u03a1\u0399<\/em><em> \u03a6\u03a5\u03a3\u0395\u03a9\u03a3<\/em><em> \u0399\u03a3\u03a4\u039f\u03a1\u0399\u0391<\/em><em> in Context: The Role of Seafaring, Navigation and Milesian Colonization in the Birth of Greek Science<\/em><\/a><\/p>\n<p>11:30-12:00<br \/>\n7) Robert HAHN (Southern Illinois University, Carbondale)<br \/>\n<a href=\"http:\/\/enlightenedionia.siu.edu\/?page_id=94#hahn\"><em>Why Thales Knew the Pythagorean Theorem: Philosophy, Geometry, and Diagrams<\/em><\/a><\/p>\n<p>12:00-12:30<br \/>\n8) Alexander HERDA (Humboldt University, Berlin)<br \/>\n<a href=\"http:\/\/enlightenedionia.siu.edu\/?page_id=94#herda\"><em>How a Sage Would Build a City: Thales of Miletos and the Invention of Greek Urbanism<\/em><\/a><\/p>\n<p>12:30-13:00<br \/>\n9) Thomas Noble HOWE (Southwestern University, Georgetown, TX)<br \/>\n<a href=\"http:\/\/enlightenedionia.siu.edu\/?page_id=94#howe\"><em>Further Thoughts on the Arrival of the Greek Monumental Orders and the Autodidact Polymath architekton<\/em><\/a><\/p>\n<p>13:00-14:30 &#8211; Lunch break<\/p>\n<p>14:30-16:00<\/p>\n<p><strong>SESSION C: Words of Knowledge: Literacy, Prose, and Poet-Politicians<\/strong><br \/>\nchair: Joanne WAUGH<\/p>\n<p>14:30-15:00<br \/>\n10) Rostislav ORESHKO (University of Warsaw\/Center for Hellenic Studies)<br \/>\n<a href=\"http:\/\/enlightenedionia.siu.edu\/?page_id=94#oreshko\"><em>Languages, Alphabets and Literacy in Archaic Western Anatolia<\/em><\/a><\/p>\n<p>15:00-15:30<br \/>\n11) Elena MART\u00edN GONZ\u00c1LEZ (National Hellenic Research Foundation, Athens)<br \/>\n<a href=\"http:\/\/enlightenedionia.siu.edu\/?page_id=94#martin-gonzalez\"><em>Ex Ionia Prosa: Prose Composition in Archaic Ionian Science<\/em><\/a><\/p>\n<p>15:30-16:00<br \/>\n12) Avgi-Anna MAGGEL (Hellenic Open University, Patras)<br \/>\n<a href=\"http:\/\/enlightenedionia.siu.edu\/?page_id=94#maggel\"><em>Wise Men and Poets in Archaic Greece: Pittacus and Alcaeus in the Politics of Mytilene<\/em><\/a><\/p>\n<hr \/>\n<p style=\"text-align: center;\"><strong>TUESDAY 13 DECEMBER<\/strong><\/p>\n<p>9:00-10:30<br \/>\n<strong>SESSION D: Metallurgy, Earliest Coinage and Technology<\/strong><br \/>\nchair: Alexander HERDA<\/p>\n<p>9:00-9:30<br \/>\n13) Marek VER\u010c\u00edK (Ludwig-Maximilians-Universit\u00e4t, Munich)<br \/>\n<a href=\"http:\/\/enlightenedionia.siu.edu\/?page_id=94#vercik\"><em>Early Iron Technology in the Aegean: Why do We Always Forget Ionia?<\/em><\/a><\/p>\n<p>9:30-10:00<br \/>\n14) Ute WARTENBERG (American Numismatic Society, New York)<br \/>\n&amp; Wolfgang FISCHER-Bossert (Austrian Academy of Sciences, Vienna)<br \/>\n<a href=\"http:\/\/enlightenedionia.siu.edu\/?page_id=94#fischer-bossert\"><em>Early Electrum Coinage \u2013 Innovation or Continuity?<\/em><\/a><\/p>\n<p>10:00-10:30<br \/>\n18) Charlotte SCHUBERT (University of Leipzig)<br \/>\n<a href=\"http:\/\/enlightenedionia.siu.edu\/?page_id=94#schubert\"><em>The Emergence of <\/em>isonomia<em> in Ionia<\/em><\/a><\/p>\n<p>10:30-11:00 &#8211; Coffee break<\/p>\n<p>11:00-12:30<br \/>\n<strong>SESSION E: Biology, Medicine, Politics and How to Teach Knowledge<\/strong><br \/>\nchair: Dirk COUPRIE<\/p>\n<p>11:00-11:30<br \/>\n16) Radim KO\u010cANDRLE (University of West Bohemia, Pilsen)<br \/>\n<a href=\"http:\/\/enlightenedionia.siu.edu\/?page_id=94#kocandrle\"><em>Anaximander\u2019s Conception of Generation<\/em><\/a><\/p>\n<p>11:30-12:00<br \/>\n17) Elisaveta SHERBAKOVA (Institute of Philosophy, Russian Academy of Sciences)<br \/>\n<a href=\"http:\/\/enlightenedionia.siu.edu\/?page_id=94#sherbakova\"><em>Nature as a Physician: Interpreting a Technological Analogy in Heraclitus<\/em><\/a><\/p>\n<p>12:00-12:30<br \/>\n18) Theodosios TASSIOS (National Technical University of Athens, Emeritus)<br \/>\n<a href=\"http:\/\/enlightenedionia.siu.edu\/?page_id=94#tassios\"><em>Technology as a Possible Contributor to Ionian Rationality<\/em><\/a><\/p>\n<p>12:30-14:00 &#8211;\u00a0 Lunch break<\/p>\n<p>14:00-14:30<br \/>\n19) Ioanna TRIPOULA (NKU, Athens)<br \/>\n<a href=\"http:\/\/enlightenedionia.siu.edu\/?page_id=94#tripoula\"><em>Teaching Methods of the Ionian Philosophers<\/em><\/a><\/p>\n<p>14:00-16:00<br \/>\nPOSTER PRESENTATIONS:<br \/>\nchair: Elena MART\u00cdN GONZ\u00c1LEZ<br \/>\n<strong>Each poster has max. 10 min to be presented, plus 5 min for questions from the audience<\/strong><\/p>\n<p>1) Dimitra MERMIGKI (National Technical University of Athens)<br \/>\n<a href=\"http:\/\/enlightenedionia.siu.edu\/?page_id=94#mermigki\"><em>Ornament (<\/em>Dia-kosmos<em>) Between Art Creation and Theory Under the Influence of the Pre-Socratic Worldviews<\/em><\/a><\/p>\n<p>2) Lampros PAPAGIANNIS (Aristotle University of Thessaloniki)<br \/>\n<a href=\"http:\/\/enlightenedionia.siu.edu\/?page_id=94#papagiannis\"><em>Wisdom, Insight and Knowledge in Heraclitus<\/em><\/a><\/p>\n<p>3) Liliana Carolina S\u00c1NCHEZ CASTRO (University of S\u00e3o Paulo)<br \/>\n<a href=\"http:\/\/enlightenedionia.siu.edu\/?page_id=94#sanchez-castro\"><em>Aristotle\u2019s Dialectical Procedure on the <\/em>De Anima<em>. <\/em><em>The Case of Thales of Miletus\u2019 <\/em>endoxon<\/a><\/p>\n<p>4) Anja SLAWISCH (Marie-Curie-Fellow at the Classics Department, Cambridge\/UK)<br \/>\n<a href=\"http:\/\/enlightenedionia.siu.edu\/?page_id=94#slawisch\"><em>Figures in Motion: De-centring Athens from the Creation of the \u2018Severe Style\u2019<\/em><\/a><\/p>\n<p>5) Sebastian \u015aPIEWAK (University of Silesia, Katowice)<br \/>\n<a href=\"http:\/\/enlightenedionia.siu.edu\/?page_id=94#spiewak\"><em>Was Xenophanes a Polymath? <\/em><em>Heraclitus About Xenophanean Notion of Knowledge<\/em><\/a><\/p>\n<p>6) Eleni TSAMOU (University of Crete, Rethymno)<br \/>\n<a href=\"http:\/\/enlightenedionia.siu.edu\/?page_id=94#tsamou\"><em>Heraclitus and Democritus on Free Will and Determinism<\/em><\/a><\/p>\n<p>20:00-open<br \/>\nDinner for speakers\/posters<br \/>\nlocation: restaurant &#8220;Giantes&#8221;, Valtetsiou 44, 10681 Athens<\/p>\n<hr \/>\n<p style=\"text-align: center;\"><strong>WEDNESDAY 14 DECEMBER<\/strong><\/p>\n<p>9:00-10:30<br \/>\n<strong>SESSION F: Morals and the Philosophy of Man<\/strong><br \/>\nchair: Avgi-Anna MAGGEL<\/p>\n<p>9:00-9:30<br \/>\n20) William WIANS (Merrimack College, North Andover, MA)<br \/>\n<a href=\"http:\/\/enlightenedionia.siu.edu\/?page_id=94#wians\"><em>Moral Knowledge in Homer, Hesiod, and Xenophanes<\/em><\/a><\/p>\n<p>9:30-10:00<br \/>\n21) Michalis KATSIMITSIS (NKU, Athens)<br \/>\n<a href=\"http:\/\/enlightenedionia.siu.edu\/?page_id=94#katsimitsis\"><em>The Subject of Knowledge: Man in Presocratic Philosophy<\/em><\/a><\/p>\n<p>10:00-10:30<br \/>\n22) Yiorgo N. MANIATIS (Deree &#8211; The American College of Greece)<br \/>\n<a href=\"http:\/\/enlightenedionia.siu.edu\/?page_id=94#maniatis\">\u0394\u0391\u0399\u039c\u03a9\u039d <em>in Heraclitus<\/em><\/a><\/p>\n<p>10:30-11:00 &#8211; Coffee break<\/p>\n<p>11:00-12:30<br \/>\n<strong>SESSION G: Scientia Ionia and its Afterlife I<\/strong><br \/>\nchair: Xenophon MOUSSAS<\/p>\n<p>11:00-11:30<br \/>\n23) Sotiris FOURNAROS (NKU, Athens)<br \/>\n<a href=\"http:\/\/enlightenedionia.siu.edu\/?page_id=94#fournaros\">A Modern Reading of Anaximander\u2019s Apeiron<\/a><\/p>\n<p>11:30-12:00<br \/>\n24) George ILIOU (NKU, Athens)<br \/>\n<a href=\"http:\/\/enlightenedionia.siu.edu\/?page_id=94#iliou\">Presocratics and Current Chaos Theories<\/a><\/p>\n<p>12:00-12:30<br \/>\n25) Leonidas BARGELIOTES (NKU, Athens)<br \/>\n<a href=\"http:\/\/enlightenedionia.siu.edu\/?page_id=94#bargeliotes\">Criticism and Transformation of the Conceptions of Nature and Man of Presocratics by Plato and Aristotle<\/a><\/p>\n<p>12:30-13:30 Lunch break<\/p>\n<p>13:30-15:00<br \/>\n<strong>SESSION H: <em>Scientia Ionia<\/em> and its Afterlife II<\/strong><br \/>\nchair: Sotiris FOURNAROS<\/p>\n<p>13:30-14:00<br \/>\n26) Pavlos KLIMATSAKIS (NKU, Athens\/University of Peloponnesus)<br \/>\n<a href=\"http:\/\/enlightenedionia.siu.edu\/?page_id=94#klimatsakis\">Emergence of Philosophy in Asia Minor\u2013 The Hegelian Interpretation<\/a><\/p>\n<p>14:00-14:30<br \/>\n27) Apostolos STAVELAS (Academy of Athens)<br \/>\n<a href=\"http:\/\/enlightenedionia.siu.edu\/?page_id=94#stavelas\">The Reception of Ionian Philosophy in the Post-Byzantine Thought and During the Period of Neo-Hellenic Enlightenment<\/a><\/p>\n<p>14:30-15:00<br \/>\n28) George N. VLAHAKIS (Hellenic Open University, Patras)<br \/>\n<a href=\"http:\/\/enlightenedionia.siu.edu\/?page_id=94#vlahakis\">The Natural Philosophy of Pre-Socratics in the Framework of Modern Greek Enlightenment<\/a><\/p>\n<p>15:00-15:30<br \/>\n29) Ilias VAVOURAS (Aristotle University, Thessaloniki)<br \/>\n<a href=\"http:\/\/enlightenedionia.siu.edu\/?page_id=94#vavouras\">Nietzsche and Castoriades&#8217;s Anaximandrus<\/a><\/p>\n<p>15:30-16:00<br \/>\nFINAL DISCUSSION<br \/>\nchairs: Sotiris FOURNAROS, Robert HAHN, Alexandra HERDA<\/p>\n<p>FAREWELL<\/p>\n<hr \/>\n","protected":false},"excerpt":{"rendered":"<p>EX IONIA SCIENTIA &#8211; KNOWLEDGE IN ARCHAIC GREECE INTERNATIONAL CONFERENCE NATIONAL AND KAPODISTRIAN UNIVERSITY OF ATHENS DEC 11-14, 2016 PROGRAM SUNDAY 11 DECEMBER The opening session will be held 11 December at: Theocharakis Foundation, 9 Vasilissis Sofias &amp; Merlin Street, 10671 Athens 16:00-16:45 Welcome Adresses\/Introductory Remarks Chair: Panagiotis PANTAZAKOS Meletios A. DIMOPOULOS (Rector of National &hellip; <a href=\"https:\/\/enlightenedionia.siu.edu\/?page_id=48\" class=\"more-link\">Continue reading<span class=\"screen-reader-text\"> &#8220;Conference Program&#8221;<\/span><\/a><\/p>\n","protected":false},"author":11,"featured_media":0,"parent":2,"menu_order":0,"comment_status":"closed","ping_status":"closed","template":"","meta":{"jetpack_post_was_ever_published":false,"footnotes":""},"class_list":["post-48","page","type-page","status-publish","hentry"],"jetpack_sharing_enabled":true,"jetpack_shortlink":"https:\/\/wp.me\/P86LAe-M","jetpack-related-posts":[],"_links":{"self":[{"href":"https:\/\/enlightenedionia.siu.edu\/index.php?rest_route=\/wp\/v2\/pages\/48","targetHints":{"allow":["GET"]}}],"collection":[{"href":"https:\/\/enlightenedionia.siu.edu\/index.php?rest_route=\/wp\/v2\/pages"}],"about":[{"href":"https:\/\/enlightenedionia.siu.edu\/index.php?rest_route=\/wp\/v2\/types\/page"}],"author":[{"embeddable":true,"href":"https:\/\/enlightenedionia.siu.edu\/index.php?rest_route=\/wp\/v2\/users\/11"}],"replies":[{"embeddable":true,"href":"https:\/\/enlightenedionia.siu.edu\/index.php?rest_route=%2Fwp%2Fv2%2Fcomments&post=48"}],"version-history":[{"count":61,"href":"https:\/\/enlightenedionia.siu.edu\/index.php?rest_route=\/wp\/v2\/pages\/48\/revisions"}],"predecessor-version":[{"id":231,"href":"https:\/\/enlightenedionia.siu.edu\/index.php?rest_route=\/wp\/v2\/pages\/48\/revisions\/231"}],"up":[{"embeddable":true,"href":"https:\/\/enlightenedionia.siu.edu\/index.php?rest_route=\/wp\/v2\/pages\/2"}],"wp:attachment":[{"href":"https:\/\/enlightenedionia.siu.edu\/index.php?rest_route=%2Fwp%2Fv2%2Fmedia&parent=48"}],"curies":[{"name":"wp","href":"https:\/\/api.w.org\/{rel}","templated":true}]}}